{"id":729,"date":"2012-07-22T10:53:08","date_gmt":"2012-07-22T01:53:08","guid":{"rendered":"http:\/\/nyatla.jp\/nyartoolkit\/wp\/?page_id=729"},"modified":"2015-08-25T12:46:42","modified_gmt":"2015-08-25T03:46:42","slug":"welcome-to-nyartoolkit-sp","status":"publish","type":"page","link":"http:\/\/nyatla.jp\/nyartoolkit\/wp\/?page_id=729","title":{"rendered":"Welcome to NyARToolkit.SP"},"content":{"rendered":"<p><a title=\"Welcome to NyARToolkit project\" href=\"http:\/\/nyatla.jp\/nyartoolkit\/wp\/\">[Japanese]<\/a> <a title=\"Welcome to NyARToolkit.EN\" href=\"http:\/\/nyatla.jp\/nyartoolkit\/wp\/?page_id=198\">[English]<\/a><\/p>\n<p style=\"text-align: center;\"><a href=\"https:\/\/www.patreon.com\/user?u=984700&amp;alert=1&amp;ty=h\">NyARToolkit Project <span id=\"result_box\" class=\"short_text\" lang=\"en\"> <span class=\"hps\">looking for<\/span> <span class=\"hps\">patron<\/span>.<\/span><\/a><\/p>\n<p>NyARToolKites una clase de librer\u00eda visual de realidad aumentada de ARToolKit2.72.1<br \/>\nEsta librer\u00eda provee el API para la visualizaci\u00f3n de la realidad aumentada<br \/>\nNyARToolKitcorre sobre diversas plataformas virtuales: Java, C#, Actionscript3; y adem\u00e1s algunos proyectos derivados para flash, Silverlight, Processing y Android<\/p>\n<p><a href=\"http:\/\/nyatla.jp\/nyartoolkit\/wp\/wp-content\/uploads\/ss_java_01.jpg\"><img loading=\"lazy\" decoding=\"async\" title=\"ss_java_01\" src=\"http:\/\/nyatla.jp\/nyartoolkit\/wp\/wp-content\/uploads\/ss_java_01-300x225.jpg\" alt=\"\" width=\"300\" height=\"225\" \/><\/a>\u3000<a href=\"http:\/\/nyatla.jp\/nyartoolkit\/wp\/wp-content\/uploads\/cs2.jpeg\"><img loading=\"lazy\" decoding=\"async\" title=\"cs2\" src=\"http:\/\/nyatla.jp\/nyartoolkit\/wp\/wp-content\/uploads\/cs2-300x226.jpg\" alt=\"\" width=\"300\" height=\"226\" \/><\/a><\/p>\n<p><a href=\"http:\/\/nyatla.jp\/nyartoolkit\/wp\/wp-content\/uploads\/20110425004839.png\"><img loading=\"lazy\" decoding=\"async\" title=\"20110425004839\" src=\"http:\/\/nyatla.jp\/nyartoolkit\/wp\/wp-content\/uploads\/20110425004839-300x224.png\" alt=\"\" width=\"300\" height=\"224\" \/><\/a>\u3000<a href=\"http:\/\/nyatla.jp\/nyartoolkit\/wp\/wp-content\/uploads\/and.jpeg\"><img loading=\"lazy\" decoding=\"async\" title=\"and\" src=\"http:\/\/nyatla.jp\/nyartoolkit\/wp\/wp-content\/uploads\/and-300x237.jpg\" alt=\"\" width=\"300\" height=\"237\" \/><\/a><\/p>\n<h2>Caracter\u00edsticas<\/h2>\n<p>There is ferture of NyARToolkit.<\/p>\n<ul>\n<li>Class base API &#8211; NyARToolkit API is full class library.<\/li>\n<li>Support a lot of image format.<\/li>\n<li>Fast fitting process -The fitting process faster than ARToolkit.<\/li>\n<li>Fast labeling function &#8211; Labeling supports RLE compress labeling.<\/li>\n<li>ID Marker system &#8211; The NyARToolkit can Recognize NyID.<\/li>\n<li>Tracking system(beta)\u00a0 &#8211; NyARToolkit has an experimental tracking system (rpf module).<\/li>\n<\/ul>\n<h2>Librer\u00edas y sus c\u00f3digos fuente<\/h2>\n<h3>Librer\u00eda Nyartoolkit<\/h3>\n<ul>\n<li><a title=\"NyARToolkit for Java.EN\" href=\"http:\/\/nyatla.jp\/nyartoolkit\/wp\/?page_id=315\">NyARToolkit<\/a>\u00a0 &#8211; para lenguaje Java<\/li>\n<li><a title=\"NyARToolkit for C#.EN\" href=\"http:\/\/nyatla.jp\/nyartoolkit\/wp\/?page_id=224\">NyARToolkitCS<\/a>\u00a0 &#8211;\u00a0 para lenguaje C#<\/li>\n<li>NyARToolkitAS3 &#8211; para lenguaje AS3<\/li>\n<li><a title=\"NyARToolkitCPP\" href=\"http:\/\/nyatla.jp\/nyartoolkit\/wp\/?page_id=294\">NyARToolkitCPP <\/a>&#8211; para lenguaje C++<\/li>\n<li><a title=\"NyARToolkit for processing.EN\" href=\"http:\/\/nyatla.jp\/nyartoolkit\/wp\/?page_id=357\">NyAR4psg<\/a> &#8211; para Processing<\/li>\n<li><a title=\"NyARToolkit for Android.EN\" href=\"http:\/\/nyatla.jp\/nyartoolkit\/wp\/?page_id=70\">NyARToolkit for Android<\/a>(versi\u00f3n antigua) &#8211; para el emulador de Android<\/li>\n<\/ul>\n<h3>Alterno<\/h3>\n<ul>\n<li><a href=\"http:\/\/www.libspark.org\/wiki\/saqoosha\/FLARToolKit\">FLARToolKit<\/a> &#8211; para Flash (por saqoosha)<\/li>\n<li><a href=\"http:\/\/slartoolkit.codeplex.com\/\">SLARToolKit<\/a> &#8211; para Silverlight (por Ren\u00e9 Schule)<\/li>\n<li><a href=\"http:\/\/sourceforge.jp\/projects\/nyartoolkit-and\/\">NyARToolkit for Android<\/a>\u00a0 -para Android (por los usuarios del grupo japones de Android)<\/li>\n<\/ul>\n<p>Es necesario para las aplicaciones de Realidad Aumentada las bibliotecas y el control de la c\u00e1mara, as\u00ed como los ejemplos del programa.<br \/>\nUtilidades y ejemplos<\/p>\n<h3>Utilidades y ejemplos<\/h3>\n<ul>\n<li>Utilidades\n<ul>\n<li><a title=\"NyWMCapture\" href=\"http:\/\/nyatla.jp\/nyartoolkit\/wp\/?page_id=36\">NyWMCapture<\/a> &#8211; captura de la camara para equipos m\u00f3viles de Windows.<\/li>\n<li><a title=\"NyWin32Capture\" href=\"http:\/\/nyatla.jp\/nyartoolkit\/wp\/?page_id=361\">NyWin32Capture<\/a> &#8211; captura de la camara para Windows<\/li>\n<li><a title=\"NyARToolkit Eclipse Plugin\" href=\"http:\/\/nyatla.jp\/nyartoolkit\/wp\/?page_id=33\">NyARToolkit Eclipse Plugin<\/a> &#8211; plugin para eclipse (obsolete)<\/li>\n<li><a title=\"NyARTransMat_C_version\" href=\"http:\/\/nyatla.jp\/nyartoolkit\/wp\/?page_id=219\">NyARTransMat_C_version<\/a> &#8211; parche de Artoolkit.<\/li>\n<\/ul>\n<\/li>\n<li>Ejemplos del programa.<\/li>\n<\/ul>\n<h2>Licencia<\/h2>\n<p>La licencia de NyARToolKitest\u00e1 aqu\u00ed. Por favor l\u00e9alo.<br \/>\nLicencia de NyARToolKit<\/p>\n<p><a title=\"NyARToolkit Licence.EN\" href=\"http:\/\/nyatla.jp\/nyartoolkit\/wp\/?page_id=63\">NyARToolKit Licence<\/a><\/p>\n<p>This page is translated by <a href=\"http:\/\/diariowm.wordpress.com\/\">Emilio Vegas<\/a>.<br \/>\nThank you a lot!<\/p>\n<p style=\"margin-top: 0.49cm; margin-bottom: 0.49cm; line-height: 100%;\" align=\"CENTER\"><span style=\"font-family: Times New Roman,serif;\"><span style=\"font-size: small;\"><a href=\"http:\/\/nyatla.jp\/nyartoolkit\/wp\/?p=657\"><span style=\"color: #000080;\"><span lang=\"zxx\"><span style=\"text-decoration: underline;\"><span lang=\"en-US\">NyARToolkit\/4.0.3 Java\/C#\/AS3\/Android <\/span><\/span><\/span><\/span><span style=\"color: #000080;\"><span lang=\"zxx\"><span style=\"text-decoration: underline;\"><span lang=\"en-US\">nueva versi\u00f3n (2012\/05\/30)<\/span><\/span><\/span><\/span><\/a><\/span><\/span><\/p>\n","protected":false},"excerpt":{"rendered":"<p>[Japanese] [English] NyARToolkit Project looking for patron. NyARToolKites una clase de librer\u00eda visual de rea [&hellip;]<\/p>\n","protected":false},"author":1,"featured_media":0,"parent":0,"menu_order":0,"comment_status":"closed","ping_status":"open","template":"","meta":{"footnotes":""},"_links":{"self":[{"href":"http:\/\/nyatla.jp\/nyartoolkit\/wp\/index.php?rest_route=\/wp\/v2\/pages\/729"}],"collection":[{"href":"http:\/\/nyatla.jp\/nyartoolkit\/wp\/index.php?rest_route=\/wp\/v2\/pages"}],"about":[{"href":"http:\/\/nyatla.jp\/nyartoolkit\/wp\/index.php?rest_route=\/wp\/v2\/types\/page"}],"author":[{"embeddable":true,"href":"http:\/\/nyatla.jp\/nyartoolkit\/wp\/index.php?rest_route=\/wp\/v2\/users\/1"}],"replies":[{"embeddable":true,"href":"http:\/\/nyatla.jp\/nyartoolkit\/wp\/index.php?rest_route=%2Fwp%2Fv2%2Fcomments&post=729"}],"version-history":[{"count":4,"href":"http:\/\/nyatla.jp\/nyartoolkit\/wp\/index.php?rest_route=\/wp\/v2\/pages\/729\/revisions"}],"predecessor-version":[{"id":1058,"href":"http:\/\/nyatla.jp\/nyartoolkit\/wp\/index.php?rest_route=\/wp\/v2\/pages\/729\/revisions\/1058"}],"wp:attachment":[{"href":"http:\/\/nyatla.jp\/nyartoolkit\/wp\/index.php?rest_route=%2Fwp%2Fv2%2Fmedia&parent=729"}],"curies":[{"name":"wp","href":"https:\/\/api.w.org\/{rel}","templated":true}]}}